{"id":1494,"date":"2022-08-02T12:14:16","date_gmt":"2022-08-02T12:14:16","guid":{"rendered":"http:\/\/wallasoft.com\/?page_id=1494"},"modified":"2022-08-12T14:24:53","modified_gmt":"2022-08-12T14:24:53","slug":"politica-de-privacidad","status":"publish","type":"page","link":"https:\/\/wallasoft.com\/?page_id=1494","title":{"rendered":"Pol\u00edtica de Privacidad"},"content":{"rendered":"\n<h1 class=\"wp-block-heading\"><strong>POL\u00cdTICA DE PRIVACIDAD<\/strong><\/h1>\n\n\n\n<p>Es compromiso de Wallasoft el respeto de la privacidad de los usuarios y la protecci\u00f3n y seguridad de tus datos personales. Por ello, para nosotros es muy importante informarte sobre la forma en que recabamos, tratamos y protegemos los datos de car\u00e1cter personal que nos son facilitados a trav\u00e9s de nuestra p\u00e1gina web, redes sociales y aplicaci\u00f3n. &nbsp;<\/p>\n\n\n\n<p>La utilizaci\u00f3n de la&nbsp;p\u00e1gina web de Wallasoft as\u00ed como de su aplicaci\u00f3n no est\u00e1 dirigida a menores de 14 a\u00f1os y, por consiguiente, \u00e9stos deber\u00e1n abstenerse de facilitar cualquier informaci\u00f3n de car\u00e1cter personal. En este sentido, Wallasoft recomienda la utilizaci\u00f3n de su&nbsp; p\u00e1gina web y de su aplicaci\u00f3n a personas mayores de 18 a\u00f1os.&nbsp; Para ello, Wallasoft se reserva el derecho a comprobar en cualquier momento la edad de los usuarios de su p\u00e1gina web y de su aplicaci\u00f3n.&nbsp;<\/p>\n\n\n\n<p>Las enmiendas espec\u00edficas locales a las que se hace referencia a continuaci\u00f3n tambi\u00e9n se aplican a los consumidores de esos territorios y, en algunos casos, pueden establecer normas diferentes debido a las leyes, normas y reglamentos locales aplicables. De ser as\u00ed, la enmienda espec\u00edfica local regir\u00e1 en caso de conflicto<\/p>\n\n\n\n<h1 class=\"wp-block-heading\"><strong>\u00bfQui\u00e9n es el responsable en el tratamiento de datos personales?<\/strong><\/h1>\n\n\n\n<p>El tratamiento de los datos es llevado a cabo por y en nombre de Beatriz C. Montilla B. (en adelante Wallasoft), que recopil\u00f3 tus datos, con domicilio en Calle Mas Mari 57, 1-2. Santa Coloma de Gramanet. C.P. 08923 (Espa\u00f1a), provista de NIF 60034392-E.&nbsp;<\/p>\n\n\n\n<p>Si deseas ponerte en contacto con nosotros para resolver cualquier duda, por favor escribe un email a&nbsp;hola@wallasoft.com.<\/p>\n\n\n\n<p>Te informamos que cuando a trav\u00e9s de nuestra p\u00e1gina web o de nuestra aplicaci\u00f3n realices alg\u00fan comentario en redes sociales, el responsable de los datos que facilites a trav\u00e9s de las mismas ser\u00e1 la red social correspondiente y no Wallasoft, debiendo dirigirte a dicha red social para ejercer, en su caso, tus derechos de protecci\u00f3n de datos que puedes consultar en el apartado \u201cConoce tus derechos de protecci\u00f3n de datos\u201d de la presente pol\u00edtica de privacidad.<\/p>\n\n\n\n<h1 class=\"wp-block-heading\"><strong>\u00bfCu\u00e1ndo y c\u00f3mo recabamos tus datos personales?<\/strong><\/h1>\n\n\n\n<p>Wallasoft recaba y trata datos de car\u00e1cter personal tanto de usuarios que se hayan registrado en nuestra p\u00e1gina web o en nuestra aplicaci\u00f3n, como de usuarios que, no habi\u00e9ndose registrado, naveguen en ellas o las consulten.<\/p>\n\n\n\n<p>De esta manera, Wallasoft obtiene y utiliza los datos de la IP y dem\u00e1s identificadores proporcionados por el dispositivo desde el que navegues por nuestra p\u00e1gina web o por nuestra aplicaci\u00f3n, a la vez que recaba los datos que proporcionas en el momento de registrarte como \u00abUsuario\u00bb de Wallasoft, as\u00ed como aquellos datos obtenidos como consecuencia de tu navegaci\u00f3n, solicitudes, publicaciones, conversaciones, b\u00fasquedas, compras, valoraciones de otros usuarios, participaci\u00f3n en concursos y los datos derivados, en su caso, de la vinculaci\u00f3n de tu registro en nuestra p\u00e1gina web o en nuestra aplicaci\u00f3n con tu cuenta en Facebook o Google.<\/p>\n\n\n\n<p>Adicionalmente, si nos das tu consentimiento Wallasoft tambi\u00e9n tratar\u00e1 la ubicaci\u00f3n a trav\u00e9s del GPS de tu dispositivo para informarte de los productos que tienes m\u00e1s cerca, permiti\u00e9ndote as\u00ed disfrutar de nuestros servicios de manera completa.&nbsp;<\/p>\n\n\n\n<h1 class=\"wp-block-heading\"><strong>\u00bfQu\u00e9 tipo de datos personales recabamos<\/strong><strong>?<\/strong><\/h1>\n\n\n\n<p>Las categor\u00edas de datos que recogemos dependen de tu actividad e interacci\u00f3n con Wallasoft a trav\u00e9s de p\u00e1gina web y redes sociales. Asimismo, Wallasoft solamente recabar\u00e1 datos personales que sean necesarios para las finalidades que llevamos a cabo. Los siguientes datos pueden ser recogidos:&nbsp;<\/p>\n\n\n\n<ul class=\"wp-block-list\"><li><strong>Categor\u00edas de datos:&nbsp;<\/strong><strong>Datos b\u00e1sicos<\/strong><\/li><li><strong>Datos recogidos:&nbsp;<\/strong>Nombre y apellidos, correo electr\u00f3nico, contrase\u00f1a.&nbsp;<\/li><\/ul>\n\n\n\n<ul class=\"wp-block-list\"><li><strong>Categor\u00edas de datos:&nbsp;<\/strong><strong>Datos de registro<\/strong>&nbsp;(Informaci\u00f3n recopilada cuando utilizas la p\u00e1gina web de Wallasoft con fines exclusivamente informativos \u2013 Informaci\u00f3n relativa a tu uso del sitio web)<\/li><li><strong>Datos recogidos:<\/strong>&nbsp;En consonancia con la elecci\u00f3n de cookies proporcionada (siempre y cuando sea aplicable), cuando utilizas nuestra plataforma \u00fanicamente con fines informativos (por ejemplo, no te registras en la plataforma, no compras a trav\u00e9s de ella ni env\u00edas tus datos de otro modo), tu navegador de Internet recopila autom\u00e1ticamente, y nos transfiere, cierta informaci\u00f3n b\u00e1sica relacionada con tu uso de la plataforma. Dichos datos de registro pueden incluir el tipo y la versi\u00f3n de tu navegador, tu sistema operativo e interfaz, el dispositivo utilizado, la preferencia de idioma, el sitio web desde el que nos visitas (URL de referencia), la(s) p\u00e1gina(s) que visitas en nuestras plataformas, la fecha y la hora de tu visita, parte de tu direcci\u00f3n de protocolo de Internet (IP), tus acciones realizadas en las plataformas y el nombre de tu proveedor de acceso.&nbsp;<\/li><li>Asimismo, te informamos que determinadas funcionalidades de nuestra p\u00e1gina web as\u00ed como de nuestra aplicaci\u00f3n utilizan la navegaci\u00f3n considerando tu ubicaci\u00f3n para poder proporcionarte la informaci\u00f3n m\u00e1s relevante en cada caso, as\u00ed como para ofrecerte ciertos servicios. Aunque la navegaci\u00f3n considerando que la ubicaci\u00f3n del GPS de tu dispositivo es siempre una elecci\u00f3n del usuario, en los casos en los que rechaces la p\u00e1gina web y\/o la aplicaci\u00f3n de Wallasoft no podr\u00e1n ofrecerte las funcionalidades o proporcionarte los contenidos basados en dicha ubicaci\u00f3n.&nbsp;&nbsp;<\/li><\/ul>\n\n\n\n<ul class=\"wp-block-list\"><li><strong>Categor\u00edas de datos:&nbsp;<\/strong><strong>Datos de las redes sociales<\/strong>&nbsp;(Informaci\u00f3n recopilada cuando utilizas las redes sociales de Wallasoft con fines exclusivamente informativos \u2013 Informaci\u00f3n procesada por proveedores externos de redes sociales)<\/li><li><strong>Datos recogidos:<\/strong>&nbsp;El mero uso de nuestras plataformas no suele implicar actividades de tratamiento de datos (incluidas las transferencias de datos) en relaci\u00f3n con plataformas de medios y\/o redes sociales de terceros (como Facebook e Instagram, \u00ab<strong>Plataformas Externas<\/strong>\u00ab). Sin embargo, si aceptas la cookie de orientaci\u00f3n proporcionada (si y cuando sea aplicable) o si utilizas los botones de compartir que te permiten compartir el contenido de Wallasoft con tus amigos a trav\u00e9s de estas Plataformas Externas, las Plataformas Externas pueden (con sujeci\u00f3n a su propia base legal) recopilar y procesar de otro modo los datos personales sobre ti con el fin de proporcionarte publicidad personalizada. Para obtener m\u00e1s informaci\u00f3n sobre el alcance y las finalidades de los datos procesados por el proveedor de la Plataforma Externa, incluidos tus derechos y las opciones de configuraci\u00f3n para proteger tu privacidad, consulta el aviso de privacidad del respectivo proveedor de la Plataforma Externa.<\/li><\/ul>\n\n\n\n<ul class=\"wp-block-list\"><li><strong>Categor\u00edas de datos:&nbsp;<\/strong><strong>Datos de solicitud<\/strong>&nbsp;(informaci\u00f3n recopilada cuando interact\u00faas con nosotros de otra manera)<\/li><li><strong>Datos recogidos:<\/strong>&nbsp;La informaci\u00f3n que nos compartas cuando interact\u00faas con nosotros a trav\u00e9s de formularios de solicitud. Tambi\u00e9n cuando aplicas a alguna oferta de trabajo.<\/li><\/ul>\n\n\n\n<h1 class=\"wp-block-heading\"><strong>\u00bfCon qu\u00e9 finalidades, base legitimadora y conservaci\u00f3n tratamos tus datos personales?<\/strong><\/h1>\n\n\n\n<p>En el caso de que no te hayas registrado en nuestra p\u00e1gina web o en nuestra aplicaci\u00f3n, Wallasoft tratar\u00e1 la IP de tu dispositivo para las siguientes finalidades:<\/p>\n\n\n\n<ul class=\"wp-block-list\"><li><strong>BASE DE LEGITIMACI\u00d3N:<\/strong>&nbsp;Inter\u00e9s leg\u00edtimo para mejorar nuestra oferta comercial.<\/li><li><strong>FINALIDAD:<\/strong>&nbsp;Conocer el origen de la descarga de nuestra aplicaci\u00f3n para mejorar la oferta comercial.&nbsp;<\/li><li><strong>PLAZO DE CONSERVACI\u00d3N:<\/strong>&nbsp;Se llevar\u00e1 a cabo \u00fanicamente en el momento en que tenga lugar dicha descarga.<\/li><\/ul>\n\n\n\n<ul class=\"wp-block-list\"><li><strong>BASE DE LEGITIMACI\u00d3N:&nbsp;<\/strong>Consentimiento expreso mediante la aceptaci\u00f3n de la pol\u00edtica de cookies.<\/li><li><strong>FINALIDAD:&nbsp;<\/strong>Acceder a tu ubicaci\u00f3n mientras navegas por nuestra p\u00e1gina web o utilizas nuestra aplicaci\u00f3n para mostrarte los productos que tienes m\u00e1s cerca.<\/li><li><strong>PLAZO DE CONSERVACI\u00d3N:&nbsp;<\/strong>Por su parte Wallasoft tratar\u00e1 y conservar\u00e1 la ubicaci\u00f3n de tu dispositivo con las finalidades antes indicadas, mientras no deshabilites la geolocalizaci\u00f3n de tu dispositivo.<\/li><\/ul>\n\n\n\n<p>En el caso que te hayas registrado en nuestra p\u00e1gina web o en nuestra aplicaci\u00f3n, las finalidades para las cuales trataremos tus datos de car\u00e1cter personal son:&nbsp;<\/p>\n\n\n\n<ul class=\"wp-block-list\"><li><strong>BASE DE LEGITIMACI\u00d3N:&nbsp;<\/strong>La base de legitimaci\u00f3n que habilita a Wallasoft a tratar tus datos para la presente finalidad es tu solicitud de registro y con ella tu consentimiento.<\/li><li><strong>FINALIDAD:&nbsp;<\/strong>Gestionar tu alta y tus preferencias de usuario dentro del \u00e1rea de usuario registrado, as\u00ed como para prestarte los servicios de nuestra p\u00e1gina web y\/o de nuestra aplicaci\u00f3n que hayas solicitado.<\/li><li><strong>PLAZO DE CONSERVACI\u00d3N:&nbsp;<\/strong>Los datos recabados para permitirte el registro en nuestra p\u00e1gina web o aplicaci\u00f3n se conservar\u00e1n mientras no canceles tu cuenta.<\/li><\/ul>\n\n\n\n<ul class=\"wp-block-list\"><li><strong>BASE DE LEGITIMACI\u00d3N:\u00a0<\/strong>La base legitimadora de dicho tratamiento es el cumplimiento por parte de Wallasoft de determinadas obligaciones legales, as\u00ed como el inter\u00e9s leg\u00edtimo de proteger nuestros servicios y productos.<\/li><li><strong>FINALIDAD:\u00a0<\/strong>Para velar por el buen uso de nuestros servicios y productos, impidiendo que se lleven a cabo usos il\u00edcitos o contrarios a nuestra pol\u00edtica y valores, pudiendo incluso darte de baja como usuario registrado<\/li><li><strong>PLAZO DE CONSERVACI\u00d3N:\u00a0<\/strong>Los datos recabados para gestionar tus preferencias como usuario se conservar\u00e1n mientras no te opongas a dicho tratamiento.\u00a0<\/li><\/ul>\n\n\n\n<ul class=\"wp-block-list\"><li><strong>BASE DE LEGITIMACI\u00d3N:&nbsp;<\/strong>Inter\u00e9s leg\u00edtimo para mejorar las publicaciones.&nbsp;<\/li><li><strong>FINALIDAD:&nbsp;<\/strong>Mostrarte publicaciones ajustadas a tus h\u00e1bitos de consumo y navegaci\u00f3n obtenidos del uso de nuestra aplicaci\u00f3n o p\u00e1gina web.<\/li><li><strong>PLAZO DE CONSERVACI\u00d3N:&nbsp;<\/strong>Aquellos datos recabados y tratados para velar por el buen uso de nuestros servicios y productos se conservar\u00e1n hasta que se haya llevado a cabo la acci\u00f3n de verificaci\u00f3n correspondiente.<\/li><\/ul>\n\n\n\n<ul class=\"wp-block-list\"><li><strong>BASE DE LEGITIMACI\u00d3N:\u00a0<\/strong>Wallasoft realizar\u00e1 dicho tratamiento en atenci\u00f3n a la relaci\u00f3n mantenida contigo, teniendo en cuenta que las citadas comunicaciones siempre versar\u00e1n sobre nuestros productos y servicios.\u00a0<\/li><li><strong>FINALIDAD:\u00a0<\/strong>Remitirte, por cualquier medio, incluidos por medios electr\u00f3nicos, comunicaciones en relaci\u00f3n a los productos y servicios ofrecidos por Wallasoft, comunicaciones que podr\u00e1n dirigirse en atenci\u00f3n a tus h\u00e1bitos de consumo, navegaci\u00f3n o utilizaci\u00f3n de nuestra p\u00e1gina Web y\/o nuestra aplicaci\u00f3n.<\/li><li><strong>PLAZO DE CONSERVACI\u00d3N:\u00a0<\/strong>Los datos recabados para mostrarte publicidad segmentada ser\u00e1n utilizados mientras no te opongas a dicho tratamiento.<\/li><\/ul>\n\n\n\n<ul class=\"wp-block-list\"><li><strong>BASE DE LEGITIMACI\u00d3N:&nbsp;<\/strong>Consentimiento expreso para la participaci\u00f3n en los concursos que promocionemos.<\/li><li><strong>FINALIDAD:&nbsp;<\/strong>Gestionar tu participaci\u00f3n en los concursos que organizamos de acuerdo con nuestras bases legales.<\/li><li><strong>PLAZO DE CONSERVACI\u00d3N:&nbsp;<\/strong>Aquellos datos recabados para remitirte comunicaciones comerciales sobre nuestros propios servicios se conservar\u00e1n mientras no te des de baja como usuario registrado y no te opongas a dicho tratamiento.&nbsp;<\/li><\/ul>\n\n\n\n<ul class=\"wp-block-list\"><li><strong>BASE DE LEGITIMACI\u00d3N:&nbsp;<\/strong>Tratamiento que realizaremos al amparo de nuestro inter\u00e9s leg\u00edtimo, para evitar fraude o actos il\u00edcitos.<\/li><li><strong>FINALIDAD:&nbsp;<\/strong>Recoger y analizar la informaci\u00f3n sobre tu dispositivo, redes y actividad en la plataforma al objeto de verificar que se hace un uso l\u00edcito de nuestros servicios.<\/li><li><strong>PLAZO DE CONSERVACI\u00d3N:&nbsp;<\/strong>El plazo de conservaci\u00f3n para este tratamiento es de 5 a\u00f1os.<\/li><\/ul>\n\n\n\n<ul class=\"wp-block-list\"><li><strong>BASE DE LEGITIMACI\u00d3N:&nbsp;<\/strong>Wallasoft realiza dicho tratamiento como consecuencia de la aceptaci\u00f3n por tu parte de las condiciones generales de contrataci\u00f3n realizada en el momento de solicitar dicho servicio de entrega de producto o servicios solicitados.<\/li><li><strong>FINALIDAD:&nbsp;<\/strong>Realizar un seguimiento de la entrega de los productos y\/o servicios adquiridos a trav\u00e9s de nuestra p\u00e1gina web y\/o de nuestra aplicaci\u00f3n<\/li><li><strong>PLAZO DE CONSERVACI\u00d3N:&nbsp;<\/strong>Aquellos datos recabados para llevar a cabo los servicios se conservar\u00e1n mientras no te des de baja como usuario registrado y no te opongas a dicho tratamiento.<\/li><\/ul>\n\n\n\n<ul class=\"wp-block-list\"><li><strong>BASE DE LEGITIMACI\u00d3N:&nbsp;<\/strong>La base legitimadora para la realizaci\u00f3n de dicho tratamiento es la aceptaci\u00f3n por tu parte de nuestras condiciones generales de contrataci\u00f3n realizada en el momento de contratar dicho servicio.<\/li><li><strong>FINALIDAD:&nbsp;<\/strong>Gestionar y controlar suscripciones o pago por posicionamiento o visibilidad (visibility).<\/li><li><strong>PLAZO DE CONSERVACI\u00d3N:&nbsp;<\/strong>Los datos recabados como consecuencia de la contrataci\u00f3n por tu parte de nuestros servicios de posicionamiento se conservar\u00e1n hasta que te des de baja de dicho servicio.<\/li><\/ul>\n\n\n\n<ul class=\"wp-block-list\"><li><strong>BASE DE LEGITIMACI\u00d3N:\u00a0<\/strong>La base legitimadora de este tratamiento es la obligaci\u00f3n legal de Wallasoft de acuerdo con la normativa de defensa de los consumidores y usuarios.\u00a0<\/li><li><strong>FINALIDAD:\u00a0<\/strong>Gestionar las quejas y consultas sobre los productos y\/o servicios adquiridos a trav\u00e9s de nuestra p\u00e1gina web y\/o de nuestra aplicaci\u00f3n.<\/li><li><strong>PLAZO DE CONSERVACI\u00d3N:\u00a0<\/strong>Aquellos datos obtenidos como consecuencia de las quejas o consultas que nos puedas dirigir se conservar\u00e1n hasta que se haya resuelto la queja o consulta correspondiente, o bien durante el plazo de 5 a\u00f1os para garantizar la fiabilidad del mismo.\u00a0<\/li><\/ul>\n\n\n\n<ul class=\"wp-block-list\"><li><strong>BASE DE LEGITIMACI\u00d3N:&nbsp;<\/strong>Consentimiento expreso por tu parte para llevar a cabo el tratamiento.&nbsp;<\/li><li><strong>FINALIDAD:&nbsp;<\/strong>Si nos has proporcionado tu consentimiento expreso a tal efecto, comunicaremos tus datos a terceras empresas ajenas a Wallasoft, con la finalidad mostrarte publicidad adaptada a tus preferencias de consumo y navegaci\u00f3n tanto de productos y servicios propios, como de terceros<\/li><li><strong>PLAZO DE CONSERVACI\u00d3N:&nbsp;<\/strong>Los datos relativos a tus h\u00e1bitos de navegaci\u00f3n o de consumo que podamos haber obtenido de terceros ser\u00e1n mantenidos mientras no revoques el consentimiento otorgado.<\/li><\/ul>\n\n\n\n<p>De manera general, cuando te des de baja como usuario registrado de Wallasoft, Wallasoft eliminar\u00e1 toda la informaci\u00f3n que tengamos de ti. Sin embargo, Wallasoft conservar\u00e1 datos meramente estad\u00edsticos de utilizaci\u00f3n por parte de los usuarios de sus recursos y herramientas.<\/p>\n\n\n\n<h1 class=\"wp-block-heading\"><strong>\u00bfCon qui\u00e9n compartimos tus datos personales?<\/strong><\/h1>\n\n\n\n<p>Wallasoft comparte datos de sus usuarios con terceros con la \u00fanica finalidad de proporcionar los servicios y productos de que dispone Wallasoft, adem\u00e1s de mejorar la seguridad de nuestra plataforma, ayudar a prevenir el fraude y\/o gestionar posibles disputas. Seleccionamos \u00fanicamente a los proveedores de servicios que ofrecen adecuadas garant\u00edas de protecci\u00f3n de datos.<\/p>\n\n\n\n<p>Wallasoft en ning\u00fan caso comparte datos de sus usuarios con terceras empresas, dentro o fuera de la Uni\u00f3n Europea con finalidades distintas a la prestaci\u00f3n del servicio sin su consentimiento expl\u00edcito.<\/p>\n\n\n\n<h1 class=\"wp-block-heading\"><strong>Conoce tus derechos en protecci\u00f3n de datos personales.&nbsp;<\/strong><\/h1>\n\n\n\n<p>Podr\u00e1s ejercer tus derechos de acceso, rectificaci\u00f3n, supresi\u00f3n, oposici\u00f3n, limitaci\u00f3n al tratamiento y portabilidad de tus datos, as\u00ed como la revocaci\u00f3n, en cualquier momento, de los consentimientos, en su caso, prestados ante Beatriz C. Montilla B., con domicilio en Calle Mas Mari, Santa Coloma de Gramanet, Barcelona (Espa\u00f1a), provista de NIF 60034392-E, adjuntando fotocopia de tu DNI o documento identificativo v\u00e1lido equivalente. Para tu mayor comodidad, y sin perjuicio de que se deban cumplir con determinados requisitos formales establecidos por el Reglamento (UE) 2016\/679 del Parlamento Europeo y del Consejo de 27 de abril de 2016 relativo a la protecci\u00f3n de las personas f\u00edsicas en lo que respecta al tratamiento de datos personales y a la libre circulaci\u00f3n de estos datos (RGPD), Wallasoft. te ofrece la posibilidad de ejercer los derechos antes referidos a trav\u00e9s del correo electr\u00f3nico:&nbsp;hola@wallasoft.com.<\/p>\n\n\n\n<p>Igualmente, te recordamos la posibilidad de dirigir una reclamaci\u00f3n ante la Agencia Espa\u00f1ola de Protecci\u00f3n de Datos, especialmente cuando considere que Wallasoft no ha satisfecho debidamente el ejercicio de tus derechos. Dicha reclamaci\u00f3n podr\u00e1s presentarla ante la citada autoridad mediante las diferentes opciones que la sede electr\u00f3nica de la Agencia Espa\u00f1ola de Protecci\u00f3n de datos ofrece (<a href=\"https:\/\/www.aepd.es\/reglamento\/derechos\/index.html\">https:\/\/www.aepd.es\/reglamento\/derechos\/index.html<\/a>)<\/p>\n\n\n\n<h1 class=\"wp-block-heading\"><strong>\u00bfC\u00f3mo ponerse en contacto con Wallasoft para consultas de privacidad?<\/strong><\/h1>\n\n\n\n<p>Para cualquier pregunta o comentario relacionado con esta Pol\u00edtica de Privacidad o con la forma en que Wallasoft recoge y utiliza tus Datos, tambi\u00e9n puedes ponerte en contacto con nuestra oficina, y correo electr\u00f3nico:&nbsp;hola@wallasoft.com<\/p>\n\n\n\n<p>Esta Pol\u00edtica de Privacidad fue actualizada por \u00faltima vez en febrero de 2022. Le informaremos de cualquier cambio sustancial que se produzca en esta Pol\u00edtica de Privacidad.<\/p>\n","protected":false},"excerpt":{"rendered":"<p>POL\u00cdTICA DE PRIVACIDAD Es compromiso de Wallasoft el respeto de la privacidad de los usuarios y la protecci\u00f3n y seguridad de tus datos personales. Por ello, para nosotros es muy importante informarte sobre la forma en que recabamos, tratamos y protegemos los datos de car\u00e1cter personal que nos son facilitados a trav\u00e9s de nuestra p\u00e1gina [&hellip;]<\/p>\n","protected":false},"author":1,"featured_media":0,"parent":0,"menu_order":0,"comment_status":"closed","ping_status":"closed","template":"","meta":{"footnotes":""},"class_list":["post-1494","page","type-page","status-publish","hentry"],"acf":[],"_links":{"self":[{"href":"https:\/\/wallasoft.com\/index.php?rest_route=\/wp\/v2\/pages\/1494"}],"collection":[{"href":"https:\/\/wallasoft.com\/index.php?rest_route=\/wp\/v2\/pages"}],"about":[{"href":"https:\/\/wallasoft.com\/index.php?rest_route=\/wp\/v2\/types\/page"}],"author":[{"embeddable":true,"href":"https:\/\/wallasoft.com\/index.php?rest_route=\/wp\/v2\/users\/1"}],"replies":[{"embeddable":true,"href":"https:\/\/wallasoft.com\/index.php?rest_route=%2Fwp%2Fv2%2Fcomments&post=1494"}],"version-history":[{"count":4,"href":"https:\/\/wallasoft.com\/index.php?rest_route=\/wp\/v2\/pages\/1494\/revisions"}],"predecessor-version":[{"id":1507,"href":"https:\/\/wallasoft.com\/index.php?rest_route=\/wp\/v2\/pages\/1494\/revisions\/1507"}],"wp:attachment":[{"href":"https:\/\/wallasoft.com\/index.php?rest_route=%2Fwp%2Fv2%2Fmedia&parent=1494"}],"curies":[{"name":"wp","href":"https:\/\/api.w.org\/{rel}","templated":true}]}}